{"id":2766,"date":"2025-12-05T15:54:05","date_gmt":"2025-12-05T14:54:05","guid":{"rendered":"https:\/\/grafikur.de\/develop\/netzwerk-hospizarbeit.de\/?page_id=2766"},"modified":"2026-01-08T12:58:16","modified_gmt":"2026-01-08T11:58:16","slug":"einblicke","status":"publish","type":"page","link":"https:\/\/grafikur.de\/develop\/netzwerk-hospizarbeit.de\/einblicke\/","title":{"rendered":"Einblicke"},"content":{"rendered":"\t\t<div data-elementor-type=\"wp-page\" data-elementor-id=\"2766\" class=\"elementor elementor-2766\" data-elementor-post-type=\"page\">\n\t\t\t\t<div class=\"elementor-element elementor-element-7cb544b e-flex e-con-boxed wpr-particle-no wpr-jarallax-no wpr-parallax-no wpr-sticky-section-no e-con e-parent\" data-id=\"7cb544b\" data-element_type=\"container\" data-settings=\"{&quot;background_background&quot;:&quot;classic&quot;}\">\n\t\t\t\t\t<div class=\"e-con-inner\">\n\t\t<div class=\"elementor-element elementor-element-2dd56d6 e-con-full e-flex wpr-particle-no wpr-jarallax-no wpr-parallax-no wpr-sticky-section-no elementor-invisible e-con e-child\" data-id=\"2dd56d6\" data-element_type=\"container\" data-settings=\"{&quot;background_background&quot;:&quot;classic&quot;,&quot;animation&quot;:&quot;fadeInUp&quot;}\">\n\t\t\t\t<div class=\"elementor-element elementor-element-caa6b6c elementor-widget elementor-widget-heading\" data-id=\"caa6b6c\" data-element_type=\"widget\" data-widget_type=\"heading.default\">\n\t\t\t\t<div class=\"elementor-widget-container\">\n\t\t\t\t\t<h2 class=\"elementor-heading-title elementor-size-default\">Einblicke <\/h2>\t\t\t\t<\/div>\n\t\t\t\t<\/div>\n\t\t\t\t<div class=\"elementor-element elementor-element-4005b1c elementor-widget elementor-widget-text-editor\" data-id=\"4005b1c\" data-element_type=\"widget\" data-widget_type=\"text-editor.default\">\n\t\t\t\t<div class=\"elementor-widget-container\">\n\t\t\t\t\t\t\t\t\t<h5>Hier erfahren Sie mehr \u00fcber unsere Arbeit im Verein, unsere<br \/>Projekte und das Engagement vieler Menschen f\u00fcr ein w\u00fcrdevolles<br \/>Leben bis zuletzt.<\/h5>\t\t\t\t\t\t\t\t<\/div>\n\t\t\t\t<\/div>\n\t\t\t\t<\/div>\n\t\t<div class=\"elementor-element elementor-element-4307a3a e-con-full e-flex wpr-particle-no wpr-jarallax-no wpr-parallax-no wpr-sticky-section-no e-con e-child\" data-id=\"4307a3a\" data-element_type=\"container\" data-settings=\"{&quot;background_background&quot;:&quot;classic&quot;}\">\n\t\t\t\t<div class=\"elementor-element elementor-element-2d2f0a3 elementor-grid-tablet-3 elementor-posts--align-left elementor-grid-3 elementor-grid-mobile-1 elementor-posts--thumbnail-top elementor-widget elementor-widget-posts\" data-id=\"2d2f0a3\" data-element_type=\"widget\" id=\"einblicke\" data-settings=\"{&quot;classic_columns_tablet&quot;:&quot;3&quot;,&quot;pagination_type&quot;:&quot;load_more_infinite_scroll&quot;,&quot;classic_columns&quot;:&quot;3&quot;,&quot;classic_columns_mobile&quot;:&quot;1&quot;,&quot;classic_row_gap&quot;:{&quot;unit&quot;:&quot;px&quot;,&quot;size&quot;:35,&quot;sizes&quot;:[]},&quot;classic_row_gap_tablet&quot;:{&quot;unit&quot;:&quot;px&quot;,&quot;size&quot;:&quot;&quot;,&quot;sizes&quot;:[]},&quot;classic_row_gap_mobile&quot;:{&quot;unit&quot;:&quot;px&quot;,&quot;size&quot;:&quot;&quot;,&quot;sizes&quot;:[]},&quot;load_more_spinner&quot;:{&quot;value&quot;:&quot;fas fa-spinner&quot;,&quot;library&quot;:&quot;fa-solid&quot;}}\" data-widget_type=\"posts.classic\">\n\t\t\t\t<div class=\"elementor-widget-container\">\n\t\t\t\t\t\t\t<div class=\"elementor-posts-container elementor-posts elementor-posts--skin-classic elementor-grid\" role=\"list\">\n\t\t\t\t<article class=\"elementor-post elementor-grid-item post-4245 post type-post status-publish format-standard has-post-thumbnail hentry category-einblicke category-home\" role=\"listitem\">\n\t\t\t\t<a class=\"elementor-post__thumbnail__link\" href=\"https:\/\/grafikur.de\/develop\/netzwerk-hospizarbeit.de\/ein-schoener-moment-des-durchatmens\/\" tabindex=\"-1\" >\n\t\t\t<div class=\"elementor-post__thumbnail\"><img fetchpriority=\"high\" decoding=\"async\" width=\"300\" height=\"183\" src=\"https:\/\/grafikur.de\/develop\/netzwerk-hospizarbeit.de\/wp-content\/uploads\/2025\/12\/einblicke-Weihnachtsfeier-300x183.webp\" class=\"attachment-medium size-medium wp-image-4199\" alt=\"\" srcset=\"https:\/\/grafikur.de\/develop\/netzwerk-hospizarbeit.de\/wp-content\/uploads\/2025\/12\/einblicke-Weihnachtsfeier-300x183.webp 300w, https:\/\/grafikur.de\/develop\/netzwerk-hospizarbeit.de\/wp-content\/uploads\/2025\/12\/einblicke-Weihnachtsfeier-1024x623.webp 1024w, https:\/\/grafikur.de\/develop\/netzwerk-hospizarbeit.de\/wp-content\/uploads\/2025\/12\/einblicke-Weihnachtsfeier-768x467.webp 768w, https:\/\/grafikur.de\/develop\/netzwerk-hospizarbeit.de\/wp-content\/uploads\/2025\/12\/einblicke-Weihnachtsfeier.webp 1150w\" sizes=\"(max-width: 300px) 100vw, 300px\" \/><\/div>\n\t\t<\/a>\n\t\t\t\t<div class=\"elementor-post__text\">\n\t\t\t\t<h3 class=\"elementor-post__title\">\n\t\t\t<a href=\"https:\/\/grafikur.de\/develop\/netzwerk-hospizarbeit.de\/ein-schoener-moment-des-durchatmens\/\" >\n\t\t\t\tEin sch\u00f6ner Moment des Durchatmens\t\t\t<\/a>\n\t\t<\/h3>\n\t\t\t\t<div class=\"elementor-post__meta-data\">\n\t\t\t\t\t<span class=\"elementor-post-date\">\n\t\t\t3. Dezember 2025\t\t<\/span>\n\t\t\t\t<\/div>\n\t\t\n\t\t<a class=\"elementor-post__read-more\" href=\"https:\/\/grafikur.de\/develop\/netzwerk-hospizarbeit.de\/ein-schoener-moment-des-durchatmens\/\" aria-label=\"Read more about Ein sch\u00f6ner Moment des Durchatmens\" tabindex=\"-1\" >\n\t\t\tBeitrag lesen\t\t<\/a>\n\n\t\t\t\t<\/div>\n\t\t\t\t<\/article>\n\t\t\t\t<article class=\"elementor-post elementor-grid-item post-4239 post type-post status-publish format-standard has-post-thumbnail hentry category-einblicke category-home\" role=\"listitem\">\n\t\t\t\t<a class=\"elementor-post__thumbnail__link\" href=\"https:\/\/grafikur.de\/develop\/netzwerk-hospizarbeit.de\/abschied-neubeginn-im-trauercafe\/\" tabindex=\"-1\" >\n\t\t\t<div class=\"elementor-post__thumbnail\"><img decoding=\"async\" width=\"300\" height=\"183\" src=\"https:\/\/grafikur.de\/develop\/netzwerk-hospizarbeit.de\/wp-content\/uploads\/2025\/12\/einblicke-Abschied-Neubeginn-im-Trauercafe-300x183.webp\" class=\"attachment-medium size-medium wp-image-4200\" alt=\"\" srcset=\"https:\/\/grafikur.de\/develop\/netzwerk-hospizarbeit.de\/wp-content\/uploads\/2025\/12\/einblicke-Abschied-Neubeginn-im-Trauercafe-300x183.webp 300w, https:\/\/grafikur.de\/develop\/netzwerk-hospizarbeit.de\/wp-content\/uploads\/2025\/12\/einblicke-Abschied-Neubeginn-im-Trauercafe-1024x623.webp 1024w, https:\/\/grafikur.de\/develop\/netzwerk-hospizarbeit.de\/wp-content\/uploads\/2025\/12\/einblicke-Abschied-Neubeginn-im-Trauercafe-768x467.webp 768w, https:\/\/grafikur.de\/develop\/netzwerk-hospizarbeit.de\/wp-content\/uploads\/2025\/12\/einblicke-Abschied-Neubeginn-im-Trauercafe.webp 1150w\" sizes=\"(max-width: 300px) 100vw, 300px\" \/><\/div>\n\t\t<\/a>\n\t\t\t\t<div class=\"elementor-post__text\">\n\t\t\t\t<h3 class=\"elementor-post__title\">\n\t\t\t<a href=\"https:\/\/grafikur.de\/develop\/netzwerk-hospizarbeit.de\/abschied-neubeginn-im-trauercafe\/\" >\n\t\t\t\tAbschied &#038; Neubeginn im Trauercaf\u00e9\t\t\t<\/a>\n\t\t<\/h3>\n\t\t\t\t<div class=\"elementor-post__meta-data\">\n\t\t\t\t\t<span class=\"elementor-post-date\">\n\t\t\t13. November 2025\t\t<\/span>\n\t\t\t\t<\/div>\n\t\t\n\t\t<a class=\"elementor-post__read-more\" href=\"https:\/\/grafikur.de\/develop\/netzwerk-hospizarbeit.de\/abschied-neubeginn-im-trauercafe\/\" aria-label=\"Read more about Abschied &#038; Neubeginn im Trauercaf\u00e9\" tabindex=\"-1\" >\n\t\t\tBeitrag lesen\t\t<\/a>\n\n\t\t\t\t<\/div>\n\t\t\t\t<\/article>\n\t\t\t\t<article class=\"elementor-post elementor-grid-item post-2494 post type-post status-publish format-standard has-post-thumbnail hentry category-einblicke category-home\" role=\"listitem\">\n\t\t\t\t<a class=\"elementor-post__thumbnail__link\" href=\"https:\/\/grafikur.de\/develop\/netzwerk-hospizarbeit.de\/ein-abend-voller-freude-und-anerkennung\/\" tabindex=\"-1\" >\n\t\t\t<div class=\"elementor-post__thumbnail\"><img decoding=\"async\" width=\"300\" height=\"300\" src=\"https:\/\/grafikur.de\/develop\/netzwerk-hospizarbeit.de\/wp-content\/uploads\/2025\/11\/5Platz-NetzwerkHospizarbeit-300x300.avif\" class=\"attachment-medium size-medium wp-image-2541\" alt=\"\" srcset=\"https:\/\/grafikur.de\/develop\/netzwerk-hospizarbeit.de\/wp-content\/uploads\/2025\/11\/5Platz-NetzwerkHospizarbeit-300x300.avif 300w, https:\/\/grafikur.de\/develop\/netzwerk-hospizarbeit.de\/wp-content\/uploads\/2025\/11\/5Platz-NetzwerkHospizarbeit-1024x1024.avif 1024w, https:\/\/grafikur.de\/develop\/netzwerk-hospizarbeit.de\/wp-content\/uploads\/2025\/11\/5Platz-NetzwerkHospizarbeit-150x150.avif 150w, https:\/\/grafikur.de\/develop\/netzwerk-hospizarbeit.de\/wp-content\/uploads\/2025\/11\/5Platz-NetzwerkHospizarbeit-768x768.avif 768w, https:\/\/grafikur.de\/develop\/netzwerk-hospizarbeit.de\/wp-content\/uploads\/2025\/11\/5Platz-NetzwerkHospizarbeit.avif 1492w\" sizes=\"(max-width: 300px) 100vw, 300px\" \/><\/div>\n\t\t<\/a>\n\t\t\t\t<div class=\"elementor-post__text\">\n\t\t\t\t<h3 class=\"elementor-post__title\">\n\t\t\t<a href=\"https:\/\/grafikur.de\/develop\/netzwerk-hospizarbeit.de\/ein-abend-voller-freude-und-anerkennung\/\" >\n\t\t\t\tEin Abend voller Freude und Anerkennung!\t\t\t<\/a>\n\t\t<\/h3>\n\t\t\t\t<div class=\"elementor-post__meta-data\">\n\t\t\t\t\t<span class=\"elementor-post-date\">\n\t\t\t11. November 2025\t\t<\/span>\n\t\t\t\t<\/div>\n\t\t\n\t\t<a class=\"elementor-post__read-more\" href=\"https:\/\/grafikur.de\/develop\/netzwerk-hospizarbeit.de\/ein-abend-voller-freude-und-anerkennung\/\" aria-label=\"Read more about Ein Abend voller Freude und Anerkennung!\" tabindex=\"-1\" >\n\t\t\tBeitrag lesen\t\t<\/a>\n\n\t\t\t\t<\/div>\n\t\t\t\t<\/article>\n\t\t\t\t<article class=\"elementor-post elementor-grid-item post-4253 post type-post status-publish format-standard has-post-thumbnail hentry category-einblicke category-home\" role=\"listitem\">\n\t\t\t\t<a class=\"elementor-post__thumbnail__link\" href=\"https:\/\/grafikur.de\/develop\/netzwerk-hospizarbeit.de\/neuer-qualifizierungskurs-gestartet\/\" tabindex=\"-1\" >\n\t\t\t<div class=\"elementor-post__thumbnail\"><img loading=\"lazy\" decoding=\"async\" width=\"300\" height=\"183\" src=\"https:\/\/grafikur.de\/develop\/netzwerk-hospizarbeit.de\/wp-content\/uploads\/2025\/12\/einblicke-Neuer-Qualifizierungskurs-300x183.webp\" class=\"attachment-medium size-medium wp-image-4201\" alt=\"\" srcset=\"https:\/\/grafikur.de\/develop\/netzwerk-hospizarbeit.de\/wp-content\/uploads\/2025\/12\/einblicke-Neuer-Qualifizierungskurs-300x183.webp 300w, https:\/\/grafikur.de\/develop\/netzwerk-hospizarbeit.de\/wp-content\/uploads\/2025\/12\/einblicke-Neuer-Qualifizierungskurs-1024x623.webp 1024w, https:\/\/grafikur.de\/develop\/netzwerk-hospizarbeit.de\/wp-content\/uploads\/2025\/12\/einblicke-Neuer-Qualifizierungskurs-768x467.webp 768w, https:\/\/grafikur.de\/develop\/netzwerk-hospizarbeit.de\/wp-content\/uploads\/2025\/12\/einblicke-Neuer-Qualifizierungskurs.webp 1150w\" sizes=\"(max-width: 300px) 100vw, 300px\" \/><\/div>\n\t\t<\/a>\n\t\t\t\t<div class=\"elementor-post__text\">\n\t\t\t\t<h3 class=\"elementor-post__title\">\n\t\t\t<a href=\"https:\/\/grafikur.de\/develop\/netzwerk-hospizarbeit.de\/neuer-qualifizierungskurs-gestartet\/\" >\n\t\t\t\tNeuer Qualifizierungskurs gestartet!\t\t\t<\/a>\n\t\t<\/h3>\n\t\t\t\t<div class=\"elementor-post__meta-data\">\n\t\t\t\t\t<span class=\"elementor-post-date\">\n\t\t\t17. September 2025\t\t<\/span>\n\t\t\t\t<\/div>\n\t\t\n\t\t<a class=\"elementor-post__read-more\" href=\"https:\/\/grafikur.de\/develop\/netzwerk-hospizarbeit.de\/neuer-qualifizierungskurs-gestartet\/\" aria-label=\"Read more about Neuer Qualifizierungskurs gestartet!\" tabindex=\"-1\" >\n\t\t\tBeitrag lesen\t\t<\/a>\n\n\t\t\t\t<\/div>\n\t\t\t\t<\/article>\n\t\t\t\t<article class=\"elementor-post elementor-grid-item post-4261 post type-post status-publish format-standard has-post-thumbnail hentry category-einblicke category-home\" role=\"listitem\">\n\t\t\t\t<a class=\"elementor-post__thumbnail__link\" href=\"https:\/\/grafikur.de\/develop\/netzwerk-hospizarbeit.de\/vier-taeler-talk-letzte-hilfe-ein-herzensthema\/\" tabindex=\"-1\" >\n\t\t\t<div class=\"elementor-post__thumbnail\"><img loading=\"lazy\" decoding=\"async\" width=\"300\" height=\"183\" src=\"https:\/\/grafikur.de\/develop\/netzwerk-hospizarbeit.de\/wp-content\/uploads\/2025\/12\/einblicke_Vier-Taeler-Talk-letzte-Hilfe-300x183.webp\" class=\"attachment-medium size-medium wp-image-4202\" alt=\"\" srcset=\"https:\/\/grafikur.de\/develop\/netzwerk-hospizarbeit.de\/wp-content\/uploads\/2025\/12\/einblicke_Vier-Taeler-Talk-letzte-Hilfe-300x183.webp 300w, https:\/\/grafikur.de\/develop\/netzwerk-hospizarbeit.de\/wp-content\/uploads\/2025\/12\/einblicke_Vier-Taeler-Talk-letzte-Hilfe-1024x623.webp 1024w, https:\/\/grafikur.de\/develop\/netzwerk-hospizarbeit.de\/wp-content\/uploads\/2025\/12\/einblicke_Vier-Taeler-Talk-letzte-Hilfe-768x467.webp 768w, https:\/\/grafikur.de\/develop\/netzwerk-hospizarbeit.de\/wp-content\/uploads\/2025\/12\/einblicke_Vier-Taeler-Talk-letzte-Hilfe.webp 1150w\" sizes=\"(max-width: 300px) 100vw, 300px\" \/><\/div>\n\t\t<\/a>\n\t\t\t\t<div class=\"elementor-post__text\">\n\t\t\t\t<h3 class=\"elementor-post__title\">\n\t\t\t<a href=\"https:\/\/grafikur.de\/develop\/netzwerk-hospizarbeit.de\/vier-taeler-talk-letzte-hilfe-ein-herzensthema\/\" >\n\t\t\t\tVier-T\u00e4ler-Talk: Letzte Hilfe \u2013 Ein Herzensthema!\t\t\t<\/a>\n\t\t<\/h3>\n\t\t\t\t<div class=\"elementor-post__meta-data\">\n\t\t\t\t\t<span class=\"elementor-post-date\">\n\t\t\t10. M\u00e4rz 2025\t\t<\/span>\n\t\t\t\t<\/div>\n\t\t\n\t\t<a class=\"elementor-post__read-more\" href=\"https:\/\/grafikur.de\/develop\/netzwerk-hospizarbeit.de\/vier-taeler-talk-letzte-hilfe-ein-herzensthema\/\" aria-label=\"Read more about Vier-T\u00e4ler-Talk: Letzte Hilfe \u2013 Ein Herzensthema!\" tabindex=\"-1\" >\n\t\t\tBeitrag lesen\t\t<\/a>\n\n\t\t\t\t<\/div>\n\t\t\t\t<\/article>\n\t\t\t\t<article class=\"elementor-post elementor-grid-item post-4267 post type-post status-publish format-standard has-post-thumbnail hentry category-einblicke category-home\" role=\"listitem\">\n\t\t\t\t<a class=\"elementor-post__thumbnail__link\" href=\"https:\/\/grafikur.de\/develop\/netzwerk-hospizarbeit.de\/vier-taeler-talk-letzte-hilfe-ein-herzensthema-2\/\" tabindex=\"-1\" >\n\t\t\t<div class=\"elementor-post__thumbnail\"><img loading=\"lazy\" decoding=\"async\" width=\"300\" height=\"183\" src=\"https:\/\/grafikur.de\/develop\/netzwerk-hospizarbeit.de\/wp-content\/uploads\/2025\/12\/einblicke_Vier-Taeler-Talk-300x183.webp\" class=\"attachment-medium size-medium wp-image-4203\" alt=\"\" srcset=\"https:\/\/grafikur.de\/develop\/netzwerk-hospizarbeit.de\/wp-content\/uploads\/2025\/12\/einblicke_Vier-Taeler-Talk-300x183.webp 300w, https:\/\/grafikur.de\/develop\/netzwerk-hospizarbeit.de\/wp-content\/uploads\/2025\/12\/einblicke_Vier-Taeler-Talk-1024x623.webp 1024w, https:\/\/grafikur.de\/develop\/netzwerk-hospizarbeit.de\/wp-content\/uploads\/2025\/12\/einblicke_Vier-Taeler-Talk-768x467.webp 768w, https:\/\/grafikur.de\/develop\/netzwerk-hospizarbeit.de\/wp-content\/uploads\/2025\/12\/einblicke_Vier-Taeler-Talk.webp 1150w\" sizes=\"(max-width: 300px) 100vw, 300px\" \/><\/div>\n\t\t<\/a>\n\t\t\t\t<div class=\"elementor-post__text\">\n\t\t\t\t<h3 class=\"elementor-post__title\">\n\t\t\t<a href=\"https:\/\/grafikur.de\/develop\/netzwerk-hospizarbeit.de\/vier-taeler-talk-letzte-hilfe-ein-herzensthema-2\/\" >\n\t\t\t\tVier-T\u00e4ler-Talk: Letzte Hilfe \u2013 Ein Herzensthema!\t\t\t<\/a>\n\t\t<\/h3>\n\t\t\t\t<div class=\"elementor-post__meta-data\">\n\t\t\t\t\t<span class=\"elementor-post-date\">\n\t\t\t4. Februar 2025\t\t<\/span>\n\t\t\t\t<\/div>\n\t\t\n\t\t<a class=\"elementor-post__read-more\" href=\"https:\/\/grafikur.de\/develop\/netzwerk-hospizarbeit.de\/vier-taeler-talk-letzte-hilfe-ein-herzensthema-2\/\" aria-label=\"Read more about Vier-T\u00e4ler-Talk: Letzte Hilfe \u2013 Ein Herzensthema!\" tabindex=\"-1\" >\n\t\t\tBeitrag lesen\t\t<\/a>\n\n\t\t\t\t<\/div>\n\t\t\t\t<\/article>\n\t\t\t\t<\/div>\n\t\t\t\t\t<span class=\"e-load-more-spinner\">\n\t\t\t\t<svg aria-hidden=\"true\" class=\"e-font-icon-svg e-fas-spinner\" viewBox=\"0 0 512 512\" xmlns=\"http:\/\/www.w3.org\/2000\/svg\"><path d=\"M304 48c0 26.51-21.49 48-48 48s-48-21.49-48-48 21.49-48 48-48 48 21.49 48 48zm-48 368c-26.51 0-48 21.49-48 48s21.49 48 48 48 48-21.49 48-48-21.49-48-48-48zm208-208c-26.51 0-48 21.49-48 48s21.49 48 48 48 48-21.49 48-48-21.49-48-48-48zM96 256c0-26.51-21.49-48-48-48S0 229.49 0 256s21.49 48 48 48 48-21.49 48-48zm12.922 99.078c-26.51 0-48 21.49-48 48s21.49 48 48 48 48-21.49 48-48c0-26.509-21.491-48-48-48zm294.156 0c-26.51 0-48 21.49-48 48s21.49 48 48 48 48-21.49 48-48c0-26.509-21.49-48-48-48zM108.922 60.922c-26.51 0-48 21.49-48 48s21.49 48 48 48 48-21.49 48-48-21.491-48-48-48z\"><\/path><\/svg>\t\t\t<\/span>\n\t\t\n\t\t\t\t\t\t<\/div>\n\t\t\t\t<\/div>\n\t\t\t\t<\/div>\n\t\t\t\t\t<\/div>\n\t\t\t\t<\/div>\n\t\t\t\t<\/div>\n\t\t","protected":false},"excerpt":{"rendered":"<p>Einblicke Hier erfahren Sie mehr \u00fcber unsere Arbeit im Verein, unsereProjekte und das Engagement vieler Menschen f\u00fcr ein w\u00fcrdevollesLeben bis zuletzt.<\/p>\n","protected":false},"author":1,"featured_media":0,"parent":0,"menu_order":0,"comment_status":"closed","ping_status":"closed","template":"","meta":{"footnotes":""},"class_list":["post-2766","page","type-page","status-publish","hentry"],"_links":{"self":[{"href":"https:\/\/grafikur.de\/develop\/netzwerk-hospizarbeit.de\/wp-json\/wp\/v2\/pages\/2766","targetHints":{"allow":["GET"]}}],"collection":[{"href":"https:\/\/grafikur.de\/develop\/netzwerk-hospizarbeit.de\/wp-json\/wp\/v2\/pages"}],"about":[{"href":"https:\/\/grafikur.de\/develop\/netzwerk-hospizarbeit.de\/wp-json\/wp\/v2\/types\/page"}],"author":[{"embeddable":true,"href":"https:\/\/grafikur.de\/develop\/netzwerk-hospizarbeit.de\/wp-json\/wp\/v2\/users\/1"}],"replies":[{"embeddable":true,"href":"https:\/\/grafikur.de\/develop\/netzwerk-hospizarbeit.de\/wp-json\/wp\/v2\/comments?post=2766"}],"version-history":[{"count":0,"href":"https:\/\/grafikur.de\/develop\/netzwerk-hospizarbeit.de\/wp-json\/wp\/v2\/pages\/2766\/revisions"}],"wp:attachment":[{"href":"https:\/\/grafikur.de\/develop\/netzwerk-hospizarbeit.de\/wp-json\/wp\/v2\/media?parent=2766"}],"curies":[{"name":"wp","href":"https:\/\/api.w.org\/{rel}","templated":true}]}}